{"id":91,"date":"2023-10-19T23:13:10","date_gmt":"2023-10-19T21:13:10","guid":{"rendered":"http:\/\/192.168.11.167\/?page_id=91"},"modified":"2025-09-09T19:02:06","modified_gmt":"2025-09-09T17:02:06","slug":"startseite","status":"publish","type":"page","link":"https:\/\/spd-staufenberg-nds.de\/new\/","title":{"rendered":"Willkommen bei der SPD Staufenberg"},"content":{"rendered":"\n<p><\/p>\n\n\n\n<p><\/p>\n\n\n\n<h2 class=\"wp-block-heading\">Aktuelle Beitr\u00e4ge<\/h2>\n\n\n\n<hr class=\"wp-block-separator has-alpha-channel-opacity\"\/>\n\n\n<ul class=\"wp-block-latest-posts__list is-grid columns-3 wp-block-latest-posts\"><li><a class=\"wp-block-latest-posts__post-title\" href=\"https:\/\/spd-staufenberg-nds.de\/new\/archive\/635\">Jahreshauptversammlung 2026<\/a><div class=\"wp-block-latest-posts__post-excerpt\">Der SPD Ortsverein Staufenberg hat am 28. Februar 2026 seine\u2026\u00a0<a class=\"wp-block-latest-posts__read-more\" href=\"https:\/\/spd-staufenberg-nds.de\/new\/archive\/635\" rel=\"noopener noreferrer\"><span class=\"screen-reader-text\">Jahreshauptversammlung 2026 <\/span>weiterlesen<\/a><\/div><\/li>\n<li><a class=\"wp-block-latest-posts__post-title\" href=\"https:\/\/spd-staufenberg-nds.de\/new\/archive\/630\">Aufstockung der Heizungsf\u00f6rderung im F\u00f6rderprogramm Altbausanierung<\/a><div class=\"wp-block-latest-posts__post-excerpt\">Im Jahr 2026 haben wir das F\u00f6rderprogramm zur Altbausanierung im\u2026\u00a0<a class=\"wp-block-latest-posts__read-more\" href=\"https:\/\/spd-staufenberg-nds.de\/new\/archive\/630\" rel=\"noopener noreferrer\"><span class=\"screen-reader-text\">Aufstockung der Heizungsf\u00f6rderung im F\u00f6rderprogramm Altbausanierung <\/span>weiterlesen<\/a><\/div><\/li>\n<li><a class=\"wp-block-latest-posts__post-title\" href=\"https:\/\/spd-staufenberg-nds.de\/new\/archive\/628\">Jahreshauptversammlung am 28.02.2026<\/a><div class=\"wp-block-latest-posts__post-excerpt\">Am Samstag, den 28. Februar 2026 findet unsere Jahreshauptversammlung statt.Beginn\u2026\u00a0<a class=\"wp-block-latest-posts__read-more\" href=\"https:\/\/spd-staufenberg-nds.de\/new\/archive\/628\" rel=\"noopener noreferrer\"><span class=\"screen-reader-text\">Jahreshauptversammlung am 28.02.2026 <\/span>weiterlesen<\/a><\/div><\/li>\n<li><a class=\"wp-block-latest-posts__post-title\" href=\"https:\/\/spd-staufenberg-nds.de\/new\/archive\/615\">Stefan Spier \u00fcbernimmt den SPD Vorsitz in Staufenberg<\/a><div class=\"wp-block-latest-posts__post-excerpt\">Die SPD Staufenberg hat einen neuen Vorsitzenden. Unser langj\u00e4hriges Parteimitglied,\u2026\u00a0<a class=\"wp-block-latest-posts__read-more\" href=\"https:\/\/spd-staufenberg-nds.de\/new\/archive\/615\" rel=\"noopener noreferrer\"><span class=\"screen-reader-text\">Stefan Spier \u00fcbernimmt den SPD Vorsitz in Staufenberg <\/span>weiterlesen<\/a><\/div><\/li>\n<li><a class=\"wp-block-latest-posts__post-title\" href=\"https:\/\/spd-staufenberg-nds.de\/new\/archive\/612\">Die rote Bank in Sichelnstein am 13.09.2025<\/a><div class=\"wp-block-latest-posts__post-excerpt\">Die SPD-Ratsfraktion trifft sich\u00a0nach der Sommerpause zum Einstimmen auf die\u2026\u00a0<a class=\"wp-block-latest-posts__read-more\" href=\"https:\/\/spd-staufenberg-nds.de\/new\/archive\/612\" rel=\"noopener noreferrer\"><span class=\"screen-reader-text\">Die rote Bank in Sichelnstein am 13.09.2025 <\/span>weiterlesen<\/a><\/div><\/li>\n<li><a class=\"wp-block-latest-posts__post-title\" href=\"https:\/\/spd-staufenberg-nds.de\/new\/archive\/605\">Auf ein Wort &#8211; Gespr\u00e4che mit Dr. Andreas Philippi auf der Roten Bank<\/a><div class=\"wp-block-latest-posts__post-excerpt\">Wie sieht die Zukunft der Gesundheitsversorgung aus? Wie sorgen wir\u2026\u00a0<a class=\"wp-block-latest-posts__read-more\" href=\"https:\/\/spd-staufenberg-nds.de\/new\/archive\/605\" rel=\"noopener noreferrer\"><span class=\"screen-reader-text\">Auf ein Wort &#8211; Gespr\u00e4che mit Dr. Andreas Philippi auf der Roten Bank <\/span>weiterlesen<\/a><\/div><\/li>\n<\/ul>\n\n\n<hr class=\"wp-block-separator has-alpha-channel-opacity\"\/>\n\n\n\n<div class=\"wp-block-media-text is-stacked-on-mobile\" style=\"grid-template-columns:30% auto\"><figure class=\"wp-block-media-text__media\"><img loading=\"lazy\" decoding=\"async\" width=\"660\" height=\"440\" src=\"http:\/\/192.168.11.106\/wp-content\/uploads\/2023\/11\/parteihaus__7_von_8__660x440.jpg\" alt=\"\" class=\"wp-image-255 size-full\" srcset=\"https:\/\/spd-staufenberg-nds.de\/new\/wp-content\/uploads\/2023\/11\/parteihaus__7_von_8__660x440.jpg 660w, https:\/\/spd-staufenberg-nds.de\/new\/wp-content\/uploads\/2023\/11\/parteihaus__7_von_8__660x440-300x200.jpg 300w\" sizes=\"auto, (max-width: 660px) 100vw, 660px\" \/><\/figure><div class=\"wp-block-media-text__content\">\n<p> <img loading=\"lazy\" decoding=\"async\" width=\"200\" height=\"50\" class=\"wp-image-326\" style=\"width: 200px;\" src=\"http:\/\/192.168.11.106\/wp-content\/uploads\/2023\/11\/sp_ube.png\" alt=\"\" srcset=\"https:\/\/spd-staufenberg-nds.de\/new\/wp-content\/uploads\/2023\/11\/sp_ube.png 1600w, https:\/\/spd-staufenberg-nds.de\/new\/wp-content\/uploads\/2023\/11\/sp_ube-300x75.png 300w, https:\/\/spd-staufenberg-nds.de\/new\/wp-content\/uploads\/2023\/11\/sp_ube-1024x256.png 1024w, https:\/\/spd-staufenberg-nds.de\/new\/wp-content\/uploads\/2023\/11\/sp_ube-768x192.png 768w, https:\/\/spd-staufenberg-nds.de\/new\/wp-content\/uploads\/2023\/11\/sp_ube-1536x384.png 1536w\" sizes=\"auto, (max-width: 200px) 100vw, 200px\" \/><\/p>\n\n\n\n<p>Hier informieren wir \u00fcber unsere politischen Mandatstr\u00e4ger*innen in den Parlamenten und \u00fcber unsere Arbeit im Unterbezirk.<\/p>\n\n\n\n<div class=\"wp-block-buttons is-layout-flex wp-block-buttons-is-layout-flex\">\n<div class=\"wp-block-button\"><a class=\"wp-block-button__link wp-element-button\" href=\"https:\/\/spd-ub-goettingen.de\">SPD Unterbezirk G\u00f6ttingen<\/a><\/div>\n<\/div>\n\n\n\n<p><\/p>\n<\/div><\/div>\n\n\n\n<hr class=\"wp-block-separator has-alpha-channel-opacity is-style-wide\" style=\"margin-top:var(--wp--preset--spacing--50);margin-bottom:var(--wp--preset--spacing--50)\"\/>\n\n\n\n<div class=\"wp-block-media-text is-stacked-on-mobile\" style=\"grid-template-columns:30% auto\"><figure class=\"wp-block-media-text__media\"><img loading=\"lazy\" decoding=\"async\" width=\"1024\" height=\"576\" src=\"http:\/\/192.168.11.106\/wp-content\/uploads\/2023\/11\/Kreishaus-1024x576.jpg\" alt=\"\" class=\"wp-image-259 size-full\" srcset=\"https:\/\/spd-staufenberg-nds.de\/new\/wp-content\/uploads\/2023\/11\/Kreishaus-1024x576.jpg 1024w, https:\/\/spd-staufenberg-nds.de\/new\/wp-content\/uploads\/2023\/11\/Kreishaus-300x169.jpg 300w, https:\/\/spd-staufenberg-nds.de\/new\/wp-content\/uploads\/2023\/11\/Kreishaus-768x432.jpg 768w, https:\/\/spd-staufenberg-nds.de\/new\/wp-content\/uploads\/2023\/11\/Kreishaus-1536x863.jpg 1536w, https:\/\/spd-staufenberg-nds.de\/new\/wp-content\/uploads\/2023\/11\/Kreishaus-2048x1151.jpg 2048w\" sizes=\"auto, (max-width: 1024px) 100vw, 1024px\" \/><\/figure><div class=\"wp-block-media-text__content\">\n<p> <img loading=\"lazy\" decoding=\"async\" width=\"200\" height=\"50\" class=\"wp-image-325\" style=\"width: 200px;\" src=\"http:\/\/192.168.11.106\/wp-content\/uploads\/2023\/11\/sp_kf.png\" alt=\"\" srcset=\"https:\/\/spd-staufenberg-nds.de\/new\/wp-content\/uploads\/2023\/11\/sp_kf.png 1600w, https:\/\/spd-staufenberg-nds.de\/new\/wp-content\/uploads\/2023\/11\/sp_kf-300x75.png 300w, https:\/\/spd-staufenberg-nds.de\/new\/wp-content\/uploads\/2023\/11\/sp_kf-1024x256.png 1024w, https:\/\/spd-staufenberg-nds.de\/new\/wp-content\/uploads\/2023\/11\/sp_kf-768x192.png 768w, https:\/\/spd-staufenberg-nds.de\/new\/wp-content\/uploads\/2023\/11\/sp_kf-1536x384.png 1536w\" sizes=\"auto, (max-width: 200px) 100vw, 200px\" \/><\/p>\n\n\n\n<p>Aktuelles aus der SPD-Fraktion im Kreistag des Landkreis G\u00f6ttingen.<\/p>\n\n\n\n<div class=\"wp-block-buttons is-layout-flex wp-block-buttons-is-layout-flex\">\n<div class=\"wp-block-button\"><a class=\"wp-block-button__link wp-element-button\" href=\"https:\/\/spd-kreistag-goettingen.de\">SPD Kreistagsfraktion<\/a><\/div>\n<\/div>\n\n\n\n<p><\/p>\n<\/div><\/div>\n\n\n\n<hr class=\"wp-block-separator has-alpha-channel-opacity is-style-wide\" style=\"margin-top:var(--wp--preset--spacing--50);margin-bottom:var(--wp--preset--spacing--50)\"\/>\n\n\n\n<div class=\"wp-block-media-text is-stacked-on-mobile\" style=\"grid-template-columns:30% auto\"><figure class=\"wp-block-media-text__media\"><img loading=\"lazy\" decoding=\"async\" width=\"1024\" height=\"768\" src=\"http:\/\/192.168.11.106\/wp-content\/uploads\/2023\/11\/20221113_143155008_iOS-1024x768.jpg\" alt=\"\" class=\"wp-image-261 size-full\" srcset=\"https:\/\/spd-staufenberg-nds.de\/new\/wp-content\/uploads\/2023\/11\/20221113_143155008_iOS-1024x768.jpg 1024w, https:\/\/spd-staufenberg-nds.de\/new\/wp-content\/uploads\/2023\/11\/20221113_143155008_iOS-300x225.jpg 300w, https:\/\/spd-staufenberg-nds.de\/new\/wp-content\/uploads\/2023\/11\/20221113_143155008_iOS-768x576.jpg 768w, https:\/\/spd-staufenberg-nds.de\/new\/wp-content\/uploads\/2023\/11\/20221113_143155008_iOS-1536x1152.jpg 1536w, https:\/\/spd-staufenberg-nds.de\/new\/wp-content\/uploads\/2023\/11\/20221113_143155008_iOS-2048x1536.jpg 2048w\" sizes=\"auto, (max-width: 1024px) 100vw, 1024px\" \/><\/figure><div class=\"wp-block-media-text__content\">\n<p> <img loading=\"lazy\" decoding=\"async\" width=\"200\" height=\"50\" class=\"wp-image-328\" style=\"width: 200px;\" src=\"http:\/\/192.168.11.106\/wp-content\/uploads\/2023\/11\/sp_jusos.png\" alt=\"\" srcset=\"https:\/\/spd-staufenberg-nds.de\/new\/wp-content\/uploads\/2023\/11\/sp_jusos.png 1600w, https:\/\/spd-staufenberg-nds.de\/new\/wp-content\/uploads\/2023\/11\/sp_jusos-300x75.png 300w, https:\/\/spd-staufenberg-nds.de\/new\/wp-content\/uploads\/2023\/11\/sp_jusos-1024x256.png 1024w, https:\/\/spd-staufenberg-nds.de\/new\/wp-content\/uploads\/2023\/11\/sp_jusos-768x192.png 768w, https:\/\/spd-staufenberg-nds.de\/new\/wp-content\/uploads\/2023\/11\/sp_jusos-1536x384.png 1536w\" sizes=\"auto, (max-width: 200px) 100vw, 200px\" \/><\/p>\n\n\n\n<p>Wir Jungsozialist*innen (Jusos) in der Stadt und im Landkreis G\u00f6ttingen verstehen uns als ein sozialistischer, feministischer und internationalistischer Richtungsverband, der in kritischer Solidarit\u00e4t zur SPD steht.<\/p>\n\n\n\n<div class=\"wp-block-buttons is-layout-flex wp-block-buttons-is-layout-flex\">\n<div class=\"wp-block-button\"><a class=\"wp-block-button__link wp-element-button\" href=\"https:\/\/www.jusos-goettingen.de\">Jusos G\u00f6ttingen<\/a><\/div>\n<\/div>\n\n\n\n<p><\/p>\n<\/div><\/div>\n\n\n\n<div style=\"height:50px\" aria-hidden=\"true\" class=\"wp-block-spacer\"><\/div>\n\n\n\n<p><\/p>\n","protected":false},"excerpt":{"rendered":"<p>Aktuelle Beitr\u00e4ge<\/p>\n","protected":false},"author":2,"featured_media":0,"parent":0,"menu_order":0,"comment_status":"closed","ping_status":"closed","template":"","meta":{"site-sidebar-layout":"default","site-content-layout":"","ast-site-content-layout":"","site-content-style":"default","site-sidebar-style":"default","ast-global-header-display":"","ast-banner-title-visibility":"","ast-main-header-display":"","ast-hfb-above-header-display":"","ast-hfb-below-header-display":"","ast-hfb-mobile-header-display":"","site-post-title":"","ast-breadcrumbs-content":"","ast-featured-img":"","footer-sml-layout":"","ast-disable-related-posts":"","theme-transparent-header-meta":"","adv-header-id-meta":"","stick-header-meta":"","header-above-stick-meta":"","header-main-stick-meta":"","header-below-stick-meta":"","astra-migrate-meta-layouts":"","ast-page-background-enabled":"default","ast-page-background-meta":{"desktop":{"background-color":"var(--ast-global-color-4)","background-image":"","background-repeat":"repeat","background-position":"center center","background-size":"auto","background-attachment":"scroll","background-type":"","background-media":"","overlay-type":"","overlay-color":"","overlay-opacity":"","overlay-gradient":""},"tablet":{"background-color":"","background-image":"","background-repeat":"repeat","background-position":"center center","background-size":"auto","background-attachment":"scroll","background-type":"","background-media":"","overlay-type":"","overlay-color":"","overlay-opacity":"","overlay-gradient":""},"mobile":{"background-color":"","background-image":"","background-repeat":"repeat","background-position":"center center","background-size":"auto","background-attachment":"scroll","background-type":"","background-media":"","overlay-type":"","overlay-color":"","overlay-opacity":"","overlay-gradient":""}},"ast-content-background-meta":{"desktop":{"background-color":"var(--ast-global-color-5)","background-image":"","background-repeat":"repeat","background-position":"center center","background-size":"auto","background-attachment":"scroll","background-type":"","background-media":"","overlay-type":"","overlay-color":"","overlay-opacity":"","overlay-gradient":""},"tablet":{"background-color":"var(--ast-global-color-5)","background-image":"","background-repeat":"repeat","background-position":"center center","background-size":"auto","background-attachment":"scroll","background-type":"","background-media":"","overlay-type":"","overlay-color":"","overlay-opacity":"","overlay-gradient":""},"mobile":{"background-color":"var(--ast-global-color-5)","background-image":"","background-repeat":"repeat","background-position":"center center","background-size":"auto","background-attachment":"scroll","background-type":"","background-media":"","overlay-type":"","overlay-color":"","overlay-opacity":"","overlay-gradient":""}},"iawp_total_views":755,"footnotes":""},"class_list":["post-91","page","type-page","status-publish","hentry"],"_links":{"self":[{"href":"https:\/\/spd-staufenberg-nds.de\/new\/wp-json\/wp\/v2\/pages\/91","targetHints":{"allow":["GET"]}}],"collection":[{"href":"https:\/\/spd-staufenberg-nds.de\/new\/wp-json\/wp\/v2\/pages"}],"about":[{"href":"https:\/\/spd-staufenberg-nds.de\/new\/wp-json\/wp\/v2\/types\/page"}],"author":[{"embeddable":true,"href":"https:\/\/spd-staufenberg-nds.de\/new\/wp-json\/wp\/v2\/users\/2"}],"replies":[{"embeddable":true,"href":"https:\/\/spd-staufenberg-nds.de\/new\/wp-json\/wp\/v2\/comments?post=91"}],"version-history":[{"count":53,"href":"https:\/\/spd-staufenberg-nds.de\/new\/wp-json\/wp\/v2\/pages\/91\/revisions"}],"predecessor-version":[{"id":608,"href":"https:\/\/spd-staufenberg-nds.de\/new\/wp-json\/wp\/v2\/pages\/91\/revisions\/608"}],"wp:attachment":[{"href":"https:\/\/spd-staufenberg-nds.de\/new\/wp-json\/wp\/v2\/media?parent=91"}],"curies":[{"name":"wp","href":"https:\/\/api.w.org\/{rel}","templated":true}]}}