{"id":56,"date":"2023-10-19T22:51:23","date_gmt":"2023-10-19T20:51:23","guid":{"rendered":"http:\/\/192.168.11.167\/?page_id=56"},"modified":"2026-03-02T12:17:09","modified_gmt":"2026-03-02T11:17:09","slug":"impressum","status":"publish","type":"page","link":"https:\/\/spd-staufenberg-nds.de\/new\/impressum","title":{"rendered":"Impressum"},"content":{"rendered":"\n<div style=\"height:50px\" aria-hidden=\"true\" class=\"wp-block-spacer\"><\/div>\n\n\n\n<h2 class=\"wp-block-heading\">Impressum<\/h2>\n\n\n\n<p><strong>Angaben nach \u00a7 5 TMG:<\/strong><br><br>Sozialdemokratische Partei Deutschlands (SPD)<br><strong>Ortsverein Staufenberg<\/strong><br><br>vertreten durch den 1. Vorsitzenden<br>Stefan Spier<br>Auf der H\u00f6he 40<br>34355 Staufenberg<br>Tel.: 05543-4633<br>Email: sspier@t-online.de<br><br><strong>Verantwortlich f\u00fcr den Inhalt nach \u00a7 55 Abs.2 RStV:<\/strong><br><br>Stefan Spier<br>Auf der H\u00f6he 40<br>34355 Staufenberg<br>Email: sspier@t-online.de<br><br><strong>Verantwortlich f\u00fcr das Layout:<\/strong><br><br>Heiko Strippel &amp; Robert Bussang<br><a href=\"robert@bussang.de\" data-type=\"link\" data-id=\"robert@bussang.de\">heiko.strippel@gmail.com <\/a><br><a href=\"robert@bussang.de\" data-type=\"link\" data-id=\"robert@bussang.de\">robert@bussang.de<\/a><\/p>\n\n\n\n<p><br>Webmaster: <a href=\"mailto:webmaster@spd-staufenberg-nds.de\">webmaster@spd-staufenberg-nds.de<\/a> <br><strong>! E-Mails an den Webmaster gehen an die f\u00fcr das Hosting verantwortliche Person (Heiko Strippel). F\u00fcr Anfragen bez\u00fcglich des Layouts und des Inhalts bitte an Robert Bussang wenden.<\/strong><\/p>\n\n\n\n<p><\/p>\n\n\n\n<hr class=\"wp-block-separator has-alpha-channel-opacity\"\/>\n\n\n\n<pre class=\"wp-block-preformatted\" style=\"font-size:12px\">Mit Urteil vom 12. Mai 1998 -312 O 85\/98 \"Haftung f\u00fcr Links\" hat das Landgericht Hamburg entschieden, dass man durch die Anbringung eines Links die Inhalte der gelinkten Seite ggf. mit zu verantworten hat. Dies kann - so das Landgericht - nur durch ausdr\u00fcckliches Distanzieren von diesen Inhalten verhindert werden.\nHiermit Distanzieren wir uns, f\u00fcr alle Links und \u00c4u\u00dferrungen bzw. Texte, Post\u00b4s, die evtl. auf unseren Seiten zu finden sind. Wir sind lediglich f\u00fcr das zu Verantworten, was wir selber erstellt haben. Dies gilt auch f\u00fcr evtl. Links in unserem G\u00e4stebuch, diese Eintragungen wurden zwar von uns gelesen bzw. Kommentiert, jedoch besuchen wir nicht jede Seite, die dort angegeben wird. Somit \u00fcbernehmen wir keinerlei Haftung f\u00fcr Seiten und deren Inhalt, die gegen das Gesetz versto\u00dfen, die nicht von uns ins Netz gestellt wurden.<\/pre>\n\n\n\n<div style=\"height:50px\" aria-hidden=\"true\" class=\"wp-block-spacer\"><\/div>\n","protected":false},"excerpt":{"rendered":"<p>Impressum Angaben nach \u00a7 5 TMG: Sozialdemokratische Partei Deutschlands (SPD)Ortsverein Staufenberg vertreten durch den 1. VorsitzendenStefan SpierAuf der H\u00f6he 4034355 StaufenbergTel.: 05543-4633Email: sspier@t-online.de Verantwortlich f\u00fcr den Inhalt nach \u00a7 55 Abs.2 RStV: Stefan SpierAuf der H\u00f6he 4034355 StaufenbergEmail: sspier@t-online.de Verantwortlich f\u00fcr das Layout: Heiko Strippel &amp; Robert Bussangheiko.strippel@gmail.com robert@bussang.de Webmaster: webmaster@spd-staufenberg-nds.de ! E-Mails an den [&hellip;]<\/p>\n","protected":false},"author":2,"featured_media":0,"parent":0,"menu_order":0,"comment_status":"closed","ping_status":"closed","template":"","meta":{"site-sidebar-layout":"default","site-content-layout":"","ast-site-content-layout":"default","site-content-style":"default","site-sidebar-style":"default","ast-global-header-display":"","ast-banner-title-visibility":"","ast-main-header-display":"","ast-hfb-above-header-display":"","ast-hfb-below-header-display":"","ast-hfb-mobile-header-display":"","site-post-title":"disabled","ast-breadcrumbs-content":"","ast-featured-img":"","footer-sml-layout":"","ast-disable-related-posts":"","theme-transparent-header-meta":"","adv-header-id-meta":"","stick-header-meta":"","header-above-stick-meta":"","header-main-stick-meta":"","header-below-stick-meta":"","astra-migrate-meta-layouts":"","ast-page-background-enabled":"default","ast-page-background-meta":{"desktop":{"background-color":"var(--ast-global-color-4)","background-image":"","background-repeat":"repeat","background-position":"center center","background-size":"auto","background-attachment":"scroll","background-type":"","background-media":"","overlay-type":"","overlay-color":"","overlay-opacity":"","overlay-gradient":""},"tablet":{"background-color":"","background-image":"","background-repeat":"repeat","background-position":"center center","background-size":"auto","background-attachment":"scroll","background-type":"","background-media":"","overlay-type":"","overlay-color":"","overlay-opacity":"","overlay-gradient":""},"mobile":{"background-color":"","background-image":"","background-repeat":"repeat","background-position":"center center","background-size":"auto","background-attachment":"scroll","background-type":"","background-media":"","overlay-type":"","overlay-color":"","overlay-opacity":"","overlay-gradient":""}},"ast-content-background-meta":{"desktop":{"background-color":"var(--ast-global-color-5)","background-image":"","background-repeat":"repeat","background-position":"center center","background-size":"auto","background-attachment":"scroll","background-type":"","background-media":"","overlay-type":"","overlay-color":"","overlay-opacity":"","overlay-gradient":""},"tablet":{"background-color":"var(--ast-global-color-5)","background-image":"","background-repeat":"repeat","background-position":"center center","background-size":"auto","background-attachment":"scroll","background-type":"","background-media":"","overlay-type":"","overlay-color":"","overlay-opacity":"","overlay-gradient":""},"mobile":{"background-color":"var(--ast-global-color-5)","background-image":"","background-repeat":"repeat","background-position":"center center","background-size":"auto","background-attachment":"scroll","background-type":"","background-media":"","overlay-type":"","overlay-color":"","overlay-opacity":"","overlay-gradient":""}},"iawp_total_views":80,"footnotes":""},"class_list":["post-56","page","type-page","status-publish","hentry"],"_links":{"self":[{"href":"https:\/\/spd-staufenberg-nds.de\/new\/wp-json\/wp\/v2\/pages\/56","targetHints":{"allow":["GET"]}}],"collection":[{"href":"https:\/\/spd-staufenberg-nds.de\/new\/wp-json\/wp\/v2\/pages"}],"about":[{"href":"https:\/\/spd-staufenberg-nds.de\/new\/wp-json\/wp\/v2\/types\/page"}],"author":[{"embeddable":true,"href":"https:\/\/spd-staufenberg-nds.de\/new\/wp-json\/wp\/v2\/users\/2"}],"replies":[{"embeddable":true,"href":"https:\/\/spd-staufenberg-nds.de\/new\/wp-json\/wp\/v2\/comments?post=56"}],"version-history":[{"count":4,"href":"https:\/\/spd-staufenberg-nds.de\/new\/wp-json\/wp\/v2\/pages\/56\/revisions"}],"predecessor-version":[{"id":633,"href":"https:\/\/spd-staufenberg-nds.de\/new\/wp-json\/wp\/v2\/pages\/56\/revisions\/633"}],"wp:attachment":[{"href":"https:\/\/spd-staufenberg-nds.de\/new\/wp-json\/wp\/v2\/media?parent=56"}],"curies":[{"name":"wp","href":"https:\/\/api.w.org\/{rel}","templated":true}]}}