{"id":53,"date":"2023-10-19T22:43:56","date_gmt":"2023-10-19T20:43:56","guid":{"rendered":"http:\/\/192.168.11.167\/?page_id=53"},"modified":"2026-03-03T18:48:28","modified_gmt":"2026-03-03T17:48:28","slug":"kreistag","status":"publish","type":"page","link":"https:\/\/spd-staufenberg-nds.de\/new\/kreistag","title":{"rendered":"Kreistag"},"content":{"rendered":"\n<div style=\"height:50px\" aria-hidden=\"true\" class=\"wp-block-spacer\"><\/div>\n\n\n\n<h2 class=\"wp-block-heading\">F\u00fcr Staufenberg im Kreistag G\u00f6ttingen 2021-2025<\/h2>\n\n\n\n<div class=\"wp-block-media-text is-stacked-on-mobile is-image-fill-element\" style=\"grid-template-columns:16% auto\"><figure class=\"wp-block-media-text__media\"><img loading=\"lazy\" decoding=\"async\" width=\"300\" height=\"418\" src=\"https:\/\/spd-staufenberg-nds.de\/new\/wp-content\/uploads\/2026\/03\/kaduhr.jpg\" alt=\"\" class=\"wp-image-651 size-full\" style=\"object-position:54% 32%\" srcset=\"https:\/\/spd-staufenberg-nds.de\/new\/wp-content\/uploads\/2026\/03\/kaduhr.jpg 300w, https:\/\/spd-staufenberg-nds.de\/new\/wp-content\/uploads\/2026\/03\/kaduhr-215x300.jpg 215w\" sizes=\"auto, (max-width: 300px) 100vw, 300px\" \/><\/figure><div class=\"wp-block-media-text__content\">\n<p><strong>Fred Kaduhr<\/strong><\/p>\n\n\n\n<p>Ginsterweg 1<\/p>\n\n\n\n<p>Tel.: <a href=\"tel:05543-709\">05543-709<\/a><br>Email: <a href=\"mailto:fred.kaduhr@t-online.de\">fred.kaduhr@t-online.de<\/a><\/p>\n<\/div><\/div>\n\n\n\n<hr class=\"wp-block-separator has-alpha-channel-opacity\"\/>\n\n\n\n<h2 class=\"wp-block-heading\">Neues aus dem Kreistag<\/h2>\n\n\n<ul style=\"padding-top:0;padding-bottom:0;padding-left:0;padding-right:0;margin-top:0;margin-bottom:0;\" class=\"wp-block-latest-posts__list is-grid columns-3 has-dates wp-block-latest-posts has-small-font-size\"><li><a class=\"wp-block-latest-posts__post-title\" href=\"https:\/\/spd-staufenberg-nds.de\/new\/archive\/630\">Aufstockung der Heizungsf\u00f6rderung im F\u00f6rderprogramm Altbausanierung<\/a><time datetime=\"2026-02-24T18:58:01+01:00\" class=\"wp-block-latest-posts__post-date\">24.02.2026<\/time><div class=\"wp-block-latest-posts__post-excerpt\">Im Jahr 2026 haben wir das F\u00f6rderprogramm zur Altbausanierung im Landkreis G\u00f6ttingen erfolgreich weiterentwickelt. Das Programm hilft besonders dabei, alte Heizungen zu erneuern. Dadurch wird weniger CO\u2082 ausgesto\u00dfen, die Energiekosten sinken und die W\u00e4rmewende wird f\u00fcr die Menschen bezahlbar. Viele B\u00fcrgerinnen und B\u00fcrger nutzen das Angebot. Das zeigt die hohe\u2026\u00a0<a class=\"wp-block-latest-posts__read-more\" href=\"https:\/\/spd-staufenberg-nds.de\/new\/archive\/630\" rel=\"noopener noreferrer\"><span class=\"screen-reader-text\">Aufstockung der Heizungsf\u00f6rderung im F\u00f6rderprogramm Altbausanierung <\/span>weiterlesen<\/a><\/div><\/li>\n<li><a class=\"wp-block-latest-posts__post-title\" href=\"https:\/\/spd-staufenberg-nds.de\/new\/archive\/599\">SPD- Fraktion beantragt eine Projektplanung f\u00fcr eine insektenfreundliche Gemeinde. Bei der Umsetzung sollten alle F\u00f6rderm\u00f6glichkeiten mit einbezogen werden.<\/a><time datetime=\"2025-09-09T18:49:52+02:00\" class=\"wp-block-latest-posts__post-date\">09.09.2025<\/time><div class=\"wp-block-latest-posts__post-excerpt\">Begr\u00fcndung: Die Insektenpopulationen zu unterst\u00fctzen und zu f\u00f6rdern ist besonders wichtig. Angesichts des globalen R\u00fcckgangs vieler Insektenarten, hat dies erhebliche Auswirkungen auf unsere \u00d6kosysteme, die menschliche Landschaft und unser Leben. Zahlreiche Untersuchungen zeigen einen dramatischen R\u00fcckgang in den letzten Jahrzehnten. Die Gemeinde Staufenberg kann durch eine Vorbildfunktion die \u00d6ffentlichkeit motivieren\u2026\u00a0<a class=\"wp-block-latest-posts__read-more\" href=\"https:\/\/spd-staufenberg-nds.de\/new\/archive\/599\" rel=\"noopener noreferrer\"><span class=\"screen-reader-text\">SPD- Fraktion beantragt eine Projektplanung f\u00fcr eine insektenfreundliche Gemeinde. Bei der Umsetzung sollten alle F\u00f6rderm\u00f6glichkeiten mit einbezogen werden. <\/span>weiterlesen<\/a><\/div><\/li>\n<li><a class=\"wp-block-latest-posts__post-title\" href=\"https:\/\/spd-staufenberg-nds.de\/new\/archive\/574\">Haushaltsplanung 2025\/2026 im Landkreis G\u00f6ttingen<\/a><time datetime=\"2025-04-07T23:49:50+02:00\" class=\"wp-block-latest-posts__post-date\">07.04.2025<\/time><div class=\"wp-block-latest-posts__post-excerpt\">Es ist festzustellen, dass das Land den Kommunen nicht gen\u00fcgend finanzielle Mittel zur Verf\u00fcgung stellt. Der Grund daf\u00fcr liegt in geringeren Mehreinnahmen als urspr\u00fcnglich erwartet. Daher m\u00fcssen zun\u00e4chst die Pflichtaufgaben des Landkreises mit den reduzierten finanziellen Ressourcen sichergestellt werden. Ziel ist es, maximal zu sparen, ohne jedoch wesentliche Strukturen zu\u2026\u00a0<a class=\"wp-block-latest-posts__read-more\" href=\"https:\/\/spd-staufenberg-nds.de\/new\/archive\/574\" rel=\"noopener noreferrer\"><span class=\"screen-reader-text\">Haushaltsplanung 2025\/2026 im Landkreis G\u00f6ttingen <\/span>weiterlesen<\/a><\/div><\/li>\n<li><a class=\"wp-block-latest-posts__post-title\" href=\"https:\/\/spd-staufenberg-nds.de\/new\/archive\/526\">Nachtrag zum Doppelhaushalt 2023\/2024<\/a><time datetime=\"2024-09-06T11:05:21+02:00\" class=\"wp-block-latest-posts__post-date\">06.09.2024<\/time><div class=\"wp-block-latest-posts__post-excerpt\">Wir freuen uns sehr, dass wir ohne zus\u00e4tzliche Mittel, allein durch die Nutzung nicht abgerufener F\u00f6rdermittel, diese positiven Ans\u00e4tze nun umsetzen k\u00f6nnen. Dadurch ist es m\u00f6glich geworden, auch bei einem Doppelhaushalt f\u00fcr 2023\/2024 sinnvoll nachzusteuern. Die F\u00f6rderung der Kultur im l\u00e4ndlichen Raum wird deutlich erh\u00f6ht und gest\u00e4rkt. Ein Kulturentwicklungsplan wird\u2026\u00a0<a class=\"wp-block-latest-posts__read-more\" href=\"https:\/\/spd-staufenberg-nds.de\/new\/archive\/526\" rel=\"noopener noreferrer\"><span class=\"screen-reader-text\">Nachtrag zum Doppelhaushalt 2023\/2024 <\/span>weiterlesen<\/a><\/div><\/li>\n<li><a class=\"wp-block-latest-posts__post-title\" href=\"https:\/\/spd-staufenberg-nds.de\/new\/archive\/524\">Besuch beim Landvolk<\/a><time datetime=\"2024-09-06T11:05:06+02:00\" class=\"wp-block-latest-posts__post-date\">06.09.2024<\/time><div class=\"wp-block-latest-posts__post-excerpt\">W\u00e4hrend des Austauschs mit dem Landvolk vor Ort in Seeburg, auf dem Hof der Familie Kracht, wurden verschiedene Themen diskutiert, die die Landwirtschaft in Niedersachsen, insbesondere im Landkreis, betreffen. Ver\u00e4nderungen in der Agrarpolitik und im Marktumfeld k\u00f6nnten strukturelle Anpassungen in der Landwirtschaft erforderlich machen. Dies k\u00f6nnte die Diskussion \u00fcber die\u2026\u00a0<a class=\"wp-block-latest-posts__read-more\" href=\"https:\/\/spd-staufenberg-nds.de\/new\/archive\/524\" rel=\"noopener noreferrer\"><span class=\"screen-reader-text\">Besuch beim Landvolk <\/span>weiterlesen<\/a><\/div><\/li>\n<li><a class=\"wp-block-latest-posts__post-title\" href=\"https:\/\/spd-staufenberg-nds.de\/new\/archive\/506\">Brotmuseum in Eberg\u00f6tzen &#8211; Europ\u00e4ische Brotkultur hautnah erleben<\/a><time datetime=\"2022-06-29T16:17:00+02:00\" class=\"wp-block-latest-posts__post-date\">29.06.2022<\/time><div class=\"wp-block-latest-posts__post-excerpt\">Das Europ\u00e4ische Brotmuseum in Eberg\u00f6tzen bietet eine faszinierende M\u00f6glichkeit, die europ\u00e4ische Brot- und Kulturgeschichte zu erkunden. Die SPD-Fraktion im Kreistag G\u00f6ttingen hatte die Gelegenheit, diesen einzigartigen Lernort zu besuchen und wurde dabei von der engagierten Gesch\u00e4ftsf\u00fchrerin Agnieszka Steuerwald und dem ehrenamtlichen Vorsitzenden Hubert Kellner durch die Ausstellung gef\u00fchrt. W\u00e4hrend ihres\u2026\u00a0<a class=\"wp-block-latest-posts__read-more\" href=\"https:\/\/spd-staufenberg-nds.de\/new\/archive\/506\" rel=\"noopener noreferrer\"><span class=\"screen-reader-text\">Brotmuseum in Eberg\u00f6tzen &#8211; Europ\u00e4ische Brotkultur hautnah erleben <\/span>weiterlesen<\/a><\/div><\/li>\n<\/ul>\n\n\n<div style=\"height:50px\" aria-hidden=\"true\" class=\"wp-block-spacer\"><\/div>\n\n\n\n<p><\/p>\n","protected":false},"excerpt":{"rendered":"<p>F\u00fcr Staufenberg im Kreistag G\u00f6ttingen 2021-2025 Fred Kaduhr Ginsterweg 1 Tel.: 05543-709Email: fred.kaduhr@t-online.de Neues aus dem Kreistag<\/p>\n","protected":false},"author":1,"featured_media":0,"parent":0,"menu_order":0,"comment_status":"closed","ping_status":"closed","template":"","meta":{"site-sidebar-layout":"default","site-content-layout":"","ast-site-content-layout":"default","site-content-style":"default","site-sidebar-style":"default","ast-global-header-display":"","ast-banner-title-visibility":"","ast-main-header-display":"","ast-hfb-above-header-display":"","ast-hfb-below-header-display":"","ast-hfb-mobile-header-display":"","site-post-title":"disabled","ast-breadcrumbs-content":"","ast-featured-img":"","footer-sml-layout":"","ast-disable-related-posts":"","theme-transparent-header-meta":"","adv-header-id-meta":"","stick-header-meta":"","header-above-stick-meta":"","header-main-stick-meta":"","header-below-stick-meta":"","astra-migrate-meta-layouts":"","ast-page-background-enabled":"default","ast-page-background-meta":{"desktop":{"background-color":"var(--ast-global-color-4)","background-image":"","background-repeat":"repeat","background-position":"center center","background-size":"auto","background-attachment":"scroll","background-type":"","background-media":"","overlay-type":"","overlay-color":"","overlay-opacity":"","overlay-gradient":""},"tablet":{"background-color":"","background-image":"","background-repeat":"repeat","background-position":"center center","background-size":"auto","background-attachment":"scroll","background-type":"","background-media":"","overlay-type":"","overlay-color":"","overlay-opacity":"","overlay-gradient":""},"mobile":{"background-color":"","background-image":"","background-repeat":"repeat","background-position":"center center","background-size":"auto","background-attachment":"scroll","background-type":"","background-media":"","overlay-type":"","overlay-color":"","overlay-opacity":"","overlay-gradient":""}},"ast-content-background-meta":{"desktop":{"background-color":"var(--ast-global-color-5)","background-image":"","background-repeat":"repeat","background-position":"center center","background-size":"auto","background-attachment":"scroll","background-type":"","background-media":"","overlay-type":"","overlay-color":"","overlay-opacity":"","overlay-gradient":""},"tablet":{"background-color":"var(--ast-global-color-5)","background-image":"","background-repeat":"repeat","background-position":"center center","background-size":"auto","background-attachment":"scroll","background-type":"","background-media":"","overlay-type":"","overlay-color":"","overlay-opacity":"","overlay-gradient":""},"mobile":{"background-color":"var(--ast-global-color-5)","background-image":"","background-repeat":"repeat","background-position":"center center","background-size":"auto","background-attachment":"scroll","background-type":"","background-media":"","overlay-type":"","overlay-color":"","overlay-opacity":"","overlay-gradient":""}},"iawp_total_views":57,"footnotes":""},"class_list":["post-53","page","type-page","status-publish","hentry"],"_links":{"self":[{"href":"https:\/\/spd-staufenberg-nds.de\/new\/wp-json\/wp\/v2\/pages\/53","targetHints":{"allow":["GET"]}}],"collection":[{"href":"https:\/\/spd-staufenberg-nds.de\/new\/wp-json\/wp\/v2\/pages"}],"about":[{"href":"https:\/\/spd-staufenberg-nds.de\/new\/wp-json\/wp\/v2\/types\/page"}],"author":[{"embeddable":true,"href":"https:\/\/spd-staufenberg-nds.de\/new\/wp-json\/wp\/v2\/users\/1"}],"replies":[{"embeddable":true,"href":"https:\/\/spd-staufenberg-nds.de\/new\/wp-json\/wp\/v2\/comments?post=53"}],"version-history":[{"count":11,"href":"https:\/\/spd-staufenberg-nds.de\/new\/wp-json\/wp\/v2\/pages\/53\/revisions"}],"predecessor-version":[{"id":657,"href":"https:\/\/spd-staufenberg-nds.de\/new\/wp-json\/wp\/v2\/pages\/53\/revisions\/657"}],"wp:attachment":[{"href":"https:\/\/spd-staufenberg-nds.de\/new\/wp-json\/wp\/v2\/media?parent=53"}],"curies":[{"name":"wp","href":"https:\/\/api.w.org\/{rel}","templated":true}]}}